{"id":1048,"date":"2022-02-24T14:11:37","date_gmt":"2022-02-24T14:11:37","guid":{"rendered":"https:\/\/netiquetteproject.eu\/results\/"},"modified":"2022-10-18T12:10:25","modified_gmt":"2022-10-18T12:10:25","slug":"results","status":"publish","type":"page","link":"https:\/\/www.netiquetteproject.eu\/cs\/results\/","title":{"rendered":"V\u00fdsledky"},"content":{"rendered":"<ul>\n<li>\n<p>        <img decoding=\"async\" src=\"\/wp-content\/uploads\/2022\/06\/inner-framework-23.png\" alt=\"Competence  Framework\"><\/p>\n<h3>Kompeten\u010dn\u00ed r\u00e1mec<\/h3>\n<div>\n<p><span>Kompeten\u010dn\u00ed r\u00e1mec Netiquette+ bude definovat znalosti, dovednosti a postoje, kter\u00e9 jsou pro c\u00edlov\u00e9 skupiny v z\u00fa\u010dastn\u011bn\u00fdch zem\u00edch nejd\u016fle\u017eit\u011bj\u0161\u00ed. Bude strukturov\u00e1n do 4 kl\u00ed\u010dov\u00fdch oblast\u00ed, kter\u00e9 byly v souladu s DigComp 2.1 identifikov\u00e1ny b\u011bhem p\u0159\u00edpravn\u00e9 f\u00e1ze projektu:<\/span><\/p>\n<ul>\n<li><span> online etika a netiketa,<\/span><\/li>\n<li><span> zp\u016fsoby a strategie komunikace,<\/span><\/li>\n<li><span> genera\u010dn\u00ed rozmanitost,<\/span><\/li>\n<li><span> kulturn\u00ed rozmanitost.<\/span><\/li>\n<\/ul>\n<p><span>Pro stanoven\u00ed kompeten\u010dn\u00edho r\u00e1mce bude provedena roz\u0161\u00ed\u0159en\u00e1 anal\u00fdza pot\u0159eb prost\u0159ednictv\u00edm ve\u0159ejn\u00fdch konzultac\u00ed s m\u00edstn\u00edmi skupinami odborn\u00edk\u016f. Kompeten\u010dn\u00ed r\u00e1mec Netiquette+ bude<\/span> <span>\u00fast\u0159edn\u00edm prvkem pro vymezen\u00ed obsahu, kter\u00fd bude obsa\u017een ve v\u00fdsledc\u00edch \u010d. 2 a \u010d. 3.<\/span> <span>Krom\u011b toho poskytne sektoru vzd\u011bl\u00e1v\u00e1n\u00ed dosp\u011bl\u00fdch nejmodern\u011bj\u0161\u00ed n\u00e1stroj, kter\u00fd pom\u016f\u017ee vzd\u011blavatel\u016fm dosp\u011bl\u00fdch identifikovat vzd\u011bl\u00e1vac\u00ed pot\u0159eby dosp\u011bl\u00fdch \u00fa\u010dastn\u00edk\u016f vzd\u011bl\u00e1v\u00e1n\u00ed, navrhovat didaktick\u00e9 aktivity a pedagogick\u00e9 strategie a tak\u00e9 hodnotit dovednosti \u00fa\u010dastn\u00edk\u016f vzd\u011bl\u00e1v\u00e1n\u00ed v oblasti netikety.<\/span><\/p>\n<p><span>V\u00fdsledek nab\u00eddne dal\u0161\u00ed inova\u010dn\u00ed prvky, a to vyu\u017eit\u00ed n\u00e1stroj\u016f a metodik EQF a ECVET k definov\u00e1n\u00ed a popisu dovednost\u00ed pot\u0159ebn\u00fdch k pos\u00edlen\u00ed netikety v digit\u00e1ln\u00ed \u00e9\u0159e a poskytne vzd\u011blavatel\u016fm dosp\u011bl\u00fdch form\u00e1ln\u00ed, ale dynamick\u00fd r\u00e1mec kompetenc\u00ed v t\u00e9to tematick\u00e9 oblasti.<\/span><\/p>\n<\/div>\n<\/li>\n<li>\n<p>        <img decoding=\"async\" src=\"\/wp-content\/uploads\/2022\/06\/inner-mooc.png\" alt=\"MOOC and  Didactic Handbook\"><\/p>\n<h3>MOOC a didaktick\u00e1 p\u0159\u00edru\u010dka<\/h3>\n<div>\n<p><span>MOOC a didaktick\u00e1 p\u0159\u00edru\u010dka Netiquette+ nab\u00eddne flexibiln\u00ed vzd\u011bl\u00e1vac\u00ed cestu pro \u00fa\u010dastn\u00edky vzd\u011bl\u00e1v\u00e1n\u00ed dosp\u011bl\u00fdch a podpo\u0159\u00ed vzd\u011blavatele dosp\u011bl\u00fdch, aby studenty l\u00e9pe vedli v cel\u00e9m procesu etick\u00e9ho, konstruktivn\u00edho a kritick\u00e9ho zapojen\u00ed do digit\u00e1ln\u00ed oblasti. MOOC bude koncipov\u00e1n tak, aby nab\u00edzel bal\u00ed\u010dek interaktivn\u00edho obsahu k dosa\u017een\u00ed v\u00fdsledk\u016f u\u010den\u00ed strukturovan\u00fdch v kompeten\u010dn\u00edm r\u00e1mci, aby si \u00fa\u010dastn\u00edci vzd\u011bl\u00e1v\u00e1n\u00ed mohli osvojit konkr\u00e9tn\u00ed znalosti, dovednosti a postoje souvisej\u00edc\u00ed s ka\u017edou tematickou oblast\u00ed nebo jednotkou.<\/span><\/p>\n<p><span>M\u016f\u017ee se jednat o vypr\u00e1v\u011bn\u00ed p\u0159\u00edb\u011bh\u016f\/videa s informa\u010dn\u00edmi ot\u00e1zkami, strukturovan\u00e9 diskuse, projektov\u011b orientovan\u00e9 aktivity, ucelen\u00fd obsah, jako jsou aktivity nebo dema, strukturovan\u00e9 diskuse s probl\u00e9mov\u011b orientovan\u00fdmi p\u0159\u00edpadov\u00fdmi studiemi, kontroln\u00ed seznamy pro samostudium.<\/span><\/p>\n<p><span>Krom\u011b toho, s c\u00edlem podpo\u0159it vzd\u011blavatele dosp\u011bl\u00fdch v procesu p\u0159ed\u00e1v\u00e1n\u00ed p\u0159\u00edslu\u0161n\u00fdch znalost\u00ed a dovednost\u00ed a l\u00e9pe v\u00e9st a radit dosp\u011bl\u00fdm \u00fa\u010dastn\u00edk\u016fm vzd\u011bl\u00e1v\u00e1n\u00ed p\u0159i p\u0159ij\u00edm\u00e1n\u00ed vhodn\u00fdch norem chov\u00e1n\u00ed v digit\u00e1ln\u00ed oblasti, bude Didaktick\u00e1 p\u0159\u00edru\u010dka vypracov\u00e1na a strukturov\u00e1na do dvou hlavn\u00edch \u010d\u00e1st\u00ed:<\/span><\/p>\n<ul>\n<li><span> Tipy pro andragogiku a digit\u00e1ln\u00ed vzd\u011bl\u00e1v\u00e1n\u00ed,<\/span><\/li>\n<li><span> pl\u00e1ny praktick\u00fdch lekc\u00ed pro ka\u017edou jednotku MOOC.<\/span><\/li>\n<\/ul>\n<\/div>\n<\/li>\n<li>\n<p>        <img decoding=\"async\" src=\"\/wp-content\/uploads\/2022\/06\/inner-learninghub.png\" alt=\"Learning hub and  Digital Resources\"><\/p>\n<h3>Vzd\u011bl\u00e1vac\u00ed hub a digit\u00e1ln\u00ed zdroje<\/h3>\n<div>\n<p><span>C\u00edlem v\u00fdsledku \u010d. 3 je vytvo\u0159it na m\u00edru \u0161it\u00e9, v\u00edcejazy\u010dn\u00e9 a interaktivn\u00ed online vzd\u011bl\u00e1vac\u00ed centrum (hub), kter\u00e9 poskytne bezplatn\u00fd a u\u017eivatelsky p\u0159\u00edv\u011btiv\u00fd p\u0159\u00edstup k cel\u00e9mu souboru materi\u00e1l\u016f projektu, tj. v\u00fdsledku \u010d. 1) kompeten\u010dn\u00edmu r\u00e1mci Netiquette+ a v\u00fdsledku \u010d. 2) MOOC Netiquette+ a didaktick\u00e9 p\u0159\u00edru\u010dce. Krom\u011b toho bude za \u00fa\u010delem hodnocen\u00ed, podpory a zlep\u0161en\u00ed procesu u\u010den\u00ed dosp\u011bl\u00fdch \u00fa\u010dastn\u00edk\u016f kurzu v\u00fdsledek \u010d. 3 obsahovat \u0159adu interaktivn\u00edch kv\u00edz\u016f a infografik.<\/span><\/p>\n<p><span>Pokud jde o dopad a p\u0159enositelnost, spolu s dosp\u011bl\u00fdmi studuj\u00edc\u00edmi a vzd\u011blavateli dosp\u011bl\u00fdch m\u00e1 tento v\u00fdsledek potenci\u00e1l slou\u017eit a b\u00fdt p\u0159\u00ednosem pro dal\u0161\u00ed \u0161ir\u0161\u00ed publikum, kter\u00e9mu umo\u017en\u00ed identifikovat, integrovat a sd\u00edlet znalosti a osv\u011bd\u010den\u00e9 postupy v oblasti netikety.<\/span><\/p>\n<p><span>Proto bude m\u00edt pozitivn\u00ed \u00fa\u010dinek, podpo\u0159\u00ed efektivn\u00ed u\u010den\u00ed a bude vysoce p\u0159enositeln\u00fd.<\/span><\/p>\n<\/div>\n<\/li>\n<\/ul>\n<p><!--more--><br \/>\n<!-- {\"type\":\"layout\",\"children\":[{\"type\":\"section\",\"props\":{\"style\":\"default\",\"width\":\"default\",\"vertical_align\":\"middle\",\"title_position\":\"top-left\",\"title_rotation\":\"left\",\"title_breakpoint\":\"xl\",\"image_position\":\"center-center\",\"image\":\"wp-content\\\/uploads\\\/2022\\\/06\\\/banner-bcg-11.png\",\"overlap\":true,\"padding_remove_horizontal\":false,\"padding_remove_top\":true},\"children\":[{\"type\":\"row\",\"props\":{\"layout\":\"1-3,2-3\"},\"children\":[{\"type\":\"column\",\"props\":{\"position_sticky_breakpoint\":\"m\",\"image_position\":\"center-center\",\"media_overlay_gradient\":\"\",\"width_medium\":\"1-3\"},\"children\":[{\"type\":\"headline\",\"props\":{\"title_element\":\"h1\",\"title_color\":\"secondary\",\"title_style\":\"h1\",\"css\":\".el-element{\\n    font-weight: bold;\\n}\"},\"source\":{\"query\":{\"name\":\"pages.singlePage\"},\"props\":{\"content\":{\"filters\":{\"search\":\"\"},\"name\":\"title\"}}}}]},{\"type\":\"column\",\"props\":{\"position_sticky_breakpoint\":\"m\",\"image_position\":\"center-center\",\"media_overlay_gradient\":\"\",\"width_medium\":\"2-3\"},\"children\":[{\"type\":\"image\",\"props\":{\"margin\":\"default\",\"image_svg_color\":\"emphasis\",\"text_align\":\"center\",\"position\":\"relative\",\"position_bottom\":\"-55\",\"class\":\"inner-page-img\"},\"source\":{\"query\":{\"name\":\"pages.singlePage\"},\"props\":{\"image\":{\"filters\":{\"search\":\"\"},\"name\":\"featuredImage.url\"},\"image_alt\":{\"filters\":{\"search\":\"\"},\"name\":\"title\"}}}}]}]}],\"name\":\"Intro section \"},{\"type\":\"section\",\"props\":{\"style\":\"default\",\"width\":\"default\",\"vertical_align\":\"middle\",\"title_position\":\"top-left\",\"title_rotation\":\"left\",\"title_breakpoint\":\"xl\",\"image_position\":\"center-center\",\"css\":\".el-section{\\n    background-color: rgba(105, 190, 96, .1);\\n    margin-top:60px;\\n}\",\"padding_remove_top\":true},\"children\":[{\"type\":\"row\",\"children\":[{\"type\":\"column\",\"props\":{\"position_sticky_breakpoint\":\"m\",\"image_position\":\"center-center\",\"media_overlay_gradient\":\"\"},\"children\":[{\"type\":\"switcher\",\"props\":{\"show_title\":false,\"show_meta\":true,\"show_content\":true,\"show_image\":true,\"show_link\":true,\"show_label\":true,\"show_thumbnail\":true,\"switcher_animation\":\"slide-right-small\",\"switcher_height\":true,\"nav\":\"tab\",\"nav_position\":\"top\",\"nav_align\":\"left\",\"nav_grid_width\":\"auto\",\"nav_grid_breakpoint\":\"m\",\"thumbnav_svg_color\":\"emphasis\",\"title_element\":\"h3\",\"title_align\":\"top\",\"title_grid_width\":\"1-2\",\"title_grid_breakpoint\":\"m\",\"meta_style\":\"meta\",\"meta_align\":\"below-title\",\"meta_element\":\"div\",\"content_column_breakpoint\":\"m\",\"image_svg_color\":\"emphasis\",\"image_align\":\"left\",\"image_grid_width\":\"1-4\",\"image_grid_breakpoint\":\"m\",\"thumbnav_width\":\"100\",\"thumbnav_height\":\"75\",\"link_text\":\"Read more\",\"link_style\":\"default\",\"margin\":\"default\",\"nav_margin\":\"small\",\"image_vertical_align\":true,\"image_width\":\"250\",\"css\":\".el-element{\\n    position: relative;\\n}\\n.el-nav{\\n    position: absolute;\\n    top: -40px;\\n    right: 0\\n}\\n.el-content, .el-image{\\n    padding-top: 40px;\\n}\\n\",\"margin_remove_top\":true,\"content_margin\":\"remove\",\"class\":\"about-switcher-img\"},\"children\":[{\"type\":\"switcher_item\",\"props\":{\"title\":\"Kompeten\\u010dn\\u00ed r\\u00e1mec\",\"content\":\"\n\n<p><span>Kompeten\\u010dn\\u00ed r\\u00e1mec Netiquette+ bude definovat znalosti, dovednosti a postoje, kter\\u00e9 jsou pro c\\u00edlov\\u00e9 skupiny v z\\u00fa\\u010dastn\\u011bn\\u00fdch zem\\u00edch nejd\\u016fle\\u017eit\\u011bj\\u0161\\u00ed. Bude strukturov\\u00e1n do 4 kl\\u00ed\\u010dov\\u00fdch oblast\\u00ed, kter\\u00e9 byly v souladu s DigComp 2.1 identifikov\\u00e1ny b\\u011bhem p\\u0159\\u00edpravn\\u00e9 f\\u00e1ze projektu:<\\\/span><\\\/p>\\n\n\n<ul>\\n\n\n<li><span> online etika a netiketa,<\\\/span><\\\/li>\\n\n\n<li><span> zp\\u016fsoby a strategie komunikace,<\\\/span><\\\/li>\\n\n\n<li><span> genera\\u010dn\\u00ed rozmanitost,<\\\/span><\\\/li>\\n\n\n<li><span> kulturn\\u00ed rozmanitost.<\\\/span><\\\/li>\\n<\\\/ul>\\n\n\n<p><span>Pro stanoven\\u00ed kompeten\\u010dn\\u00edho r\\u00e1mce bude provedena roz\\u0161\\u00ed\\u0159en\\u00e1 anal\\u00fdza pot\\u0159eb prost\\u0159ednictv\\u00edm ve\\u0159ejn\\u00fdch konzultac\\u00ed s m\\u00edstn\\u00edmi skupinami odborn\\u00edk\\u016f. Kompeten\\u010dn\\u00ed r\\u00e1mec Netiquette+ bude<\\\/span> <span>\\u00fast\\u0159edn\\u00edm prvkem pro vymezen\\u00ed obsahu, kter\\u00fd bude obsa\\u017een ve v\\u00fdsledc\\u00edch \\u010d. 2 a \\u010d. 3.<\\\/span> <span>Krom\\u011b toho poskytne sektoru vzd\\u011bl\\u00e1v\\u00e1n\\u00ed dosp\\u011bl\\u00fdch nejmodern\\u011bj\\u0161\\u00ed n\\u00e1stroj, kter\\u00fd pom\\u016f\\u017ee vzd\\u011blavatel\\u016fm dosp\\u011bl\\u00fdch identifikovat vzd\\u011bl\\u00e1vac\\u00ed pot\\u0159eby dosp\\u011bl\\u00fdch \\u00fa\\u010dastn\\u00edk\\u016f vzd\\u011bl\\u00e1v\\u00e1n\\u00ed, navrhovat didaktick\\u00e9 aktivity a pedagogick\\u00e9 strategie a tak\\u00e9 hodnotit dovednosti \\u00fa\\u010dastn\\u00edk\\u016f vzd\\u011bl\\u00e1v\\u00e1n\\u00ed v oblasti netikety.<\\\/span><\\\/p>\\n\n\n<p><span>V\\u00fdsledek nab\\u00eddne dal\\u0161\\u00ed inova\\u010dn\\u00ed prvky, a to vyu\\u017eit\\u00ed n\\u00e1stroj\\u016f a metodik EQF a ECVET k definov\\u00e1n\\u00ed a popisu dovednost\\u00ed pot\\u0159ebn\\u00fdch k pos\\u00edlen\\u00ed netikety v digit\\u00e1ln\\u00ed \\u00e9\\u0159e a poskytne vzd\\u011blavatel\\u016fm dosp\\u011bl\\u00fdch form\\u00e1ln\\u00ed, ale dynamick\\u00fd r\\u00e1mec kompetenc\\u00ed v t\\u00e9to tematick\\u00e9 oblasti.<\\\/span><\\\/p>\",\"image\":\"wp-content\\\/uploads\\\/2022\\\/06\\\/inner-framework-23.png\",\"image_alt\":\"Competence  Framework\"}},{\"type\":\"switcher_item\",\"props\":{\"title\":\"MOOC a didaktick\\u00e1 p\\u0159\\u00edru\\u010dka\",\"content\":\"\n\n<p><span>MOOC a didaktick\\u00e1 p\\u0159\\u00edru\\u010dka Netiquette+ nab\\u00eddne flexibiln\\u00ed vzd\\u011bl\\u00e1vac\\u00ed cestu pro \\u00fa\\u010dastn\\u00edky vzd\\u011bl\\u00e1v\\u00e1n\\u00ed dosp\\u011bl\\u00fdch a podpo\\u0159\\u00ed vzd\\u011blavatele dosp\\u011bl\\u00fdch, aby studenty l\\u00e9pe vedli v cel\\u00e9m procesu etick\\u00e9ho, konstruktivn\\u00edho a kritick\\u00e9ho zapojen\\u00ed do digit\\u00e1ln\\u00ed oblasti. MOOC bude koncipov\\u00e1n tak, aby nab\\u00edzel bal\\u00ed\\u010dek interaktivn\\u00edho obsahu k dosa\\u017een\\u00ed v\\u00fdsledk\\u016f u\\u010den\\u00ed strukturovan\\u00fdch v kompeten\\u010dn\\u00edm r\\u00e1mci, aby si \\u00fa\\u010dastn\\u00edci vzd\\u011bl\\u00e1v\\u00e1n\\u00ed mohli osvojit konkr\\u00e9tn\\u00ed znalosti, dovednosti a postoje souvisej\\u00edc\\u00ed s ka\\u017edou tematickou oblast\\u00ed nebo jednotkou.<\\\/span><\\\/p>\\n\n\n<p><span>M\\u016f\\u017ee se jednat o vypr\\u00e1v\\u011bn\\u00ed p\\u0159\\u00edb\\u011bh\\u016f\\\/videa s informa\\u010dn\\u00edmi ot\\u00e1zkami, strukturovan\\u00e9 diskuse, projektov\\u011b orientovan\\u00e9 aktivity, ucelen\\u00fd obsah, jako jsou aktivity nebo dema, strukturovan\\u00e9 diskuse s probl\\u00e9mov\\u011b orientovan\\u00fdmi p\\u0159\\u00edpadov\\u00fdmi studiemi, kontroln\\u00ed seznamy pro samostudium.<\\\/span><\\\/p>\\n\n\n<p><span>Krom\\u011b toho, s c\\u00edlem podpo\\u0159it vzd\\u011blavatele dosp\\u011bl\\u00fdch v procesu p\\u0159ed\\u00e1v\\u00e1n\\u00ed p\\u0159\\u00edslu\\u0161n\\u00fdch znalost\\u00ed a dovednost\\u00ed a l\\u00e9pe v\\u00e9st a radit dosp\\u011bl\\u00fdm \\u00fa\\u010dastn\\u00edk\\u016fm vzd\\u011bl\\u00e1v\\u00e1n\\u00ed p\\u0159i p\\u0159ij\\u00edm\\u00e1n\\u00ed vhodn\\u00fdch norem chov\\u00e1n\\u00ed v digit\\u00e1ln\\u00ed oblasti, bude Didaktick\\u00e1 p\\u0159\\u00edru\\u010dka vypracov\\u00e1na a strukturov\\u00e1na do dvou hlavn\\u00edch \\u010d\\u00e1st\\u00ed:<\\\/span><\\\/p>\\n\n\n<ul>\\n\n\n<li><span> Tipy pro andragogiku a digit\\u00e1ln\\u00ed vzd\\u011bl\\u00e1v\\u00e1n\\u00ed,<\\\/span><\\\/li>\\n\n\n<li><span> pl\\u00e1ny praktick\\u00fdch lekc\\u00ed pro ka\\u017edou jednotku MOOC.<\\\/span><\\\/li>\\n<\\\/ul>\",\"image\":\"wp-content\\\/uploads\\\/2022\\\/06\\\/inner-mooc.png\",\"image_alt\":\"MOOC and  Didactic Handbook\"}},{\"type\":\"switcher_item\",\"props\":{\"title\":\"Vzd\\u011bl\\u00e1vac\\u00ed hub a digit\\u00e1ln\\u00ed zdroje\",\"content\":\"\n\n<p><span>C\\u00edlem v\\u00fdsledku \\u010d. 3 je vytvo\\u0159it na m\\u00edru \\u0161it\\u00e9, v\\u00edcejazy\\u010dn\\u00e9 a interaktivn\\u00ed online vzd\\u011bl\\u00e1vac\\u00ed centrum (hub), kter\\u00e9 poskytne bezplatn\\u00fd a u\\u017eivatelsky p\\u0159\\u00edv\\u011btiv\\u00fd p\\u0159\\u00edstup k cel\\u00e9mu souboru materi\\u00e1l\\u016f projektu, tj. v\\u00fdsledku \\u010d. 1) kompeten\\u010dn\\u00edmu r\\u00e1mci Netiquette+ a v\\u00fdsledku \\u010d. 2) MOOC Netiquette+ a didaktick\\u00e9 p\\u0159\\u00edru\\u010dce. Krom\\u011b toho bude za \\u00fa\\u010delem hodnocen\\u00ed, podpory a zlep\\u0161en\\u00ed procesu u\\u010den\\u00ed dosp\\u011bl\\u00fdch \\u00fa\\u010dastn\\u00edk\\u016f kurzu v\\u00fdsledek \\u010d. 3 obsahovat \\u0159adu interaktivn\\u00edch kv\\u00edz\\u016f a infografik.<\\\/span><\\\/p>\\n\n\n<p><span>Pokud jde o dopad a p\\u0159enositelnost, spolu s dosp\\u011bl\\u00fdmi studuj\\u00edc\\u00edmi a vzd\\u011blavateli dosp\\u011bl\\u00fdch m\\u00e1 tento v\\u00fdsledek potenci\\u00e1l slou\\u017eit a b\\u00fdt p\\u0159\\u00ednosem pro dal\\u0161\\u00ed \\u0161ir\\u0161\\u00ed publikum, kter\\u00e9mu umo\\u017en\\u00ed identifikovat, integrovat a sd\\u00edlet znalosti a osv\\u011bd\\u010den\\u00e9 postupy v oblasti netikety.<\\\/span><\\\/p>\\n\n\n<p><span>Proto bude m\\u00edt pozitivn\\u00ed \\u00fa\\u010dinek, podpo\\u0159\\u00ed efektivn\\u00ed u\\u010den\\u00ed a bude vysoce p\\u0159enositeln\\u00fd.<\\\/span><\\\/p>\",\"image\":\"wp-content\\\/uploads\\\/2022\\\/06\\\/inner-learninghub.png\",\"image_alt\":\"Learning hub and  Digital Resources\"}}]}]}]}]}],\"version\":\"2.7.22\"} --><\/p>\n","protected":false},"excerpt":{"rendered":"<p>Kompeten\u010dn\u00ed r\u00e1mec Kompeten\u010dn\u00ed r\u00e1mec Netiquette+ bude definovat znalosti, dovednosti a postoje, kter\u00e9 jsou pro c\u00edlov\u00e9 skupiny v z\u00fa\u010dastn\u011bn\u00fdch zem\u00edch nejd\u016fle\u017eit\u011bj\u0161\u00ed. Bude strukturov\u00e1n do 4 kl\u00ed\u010dov\u00fdch..<\/p>\n","protected":false},"author":1,"featured_media":839,"parent":0,"menu_order":0,"comment_status":"closed","ping_status":"closed","template":"","meta":{"_acf_changed":false,"inline_featured_image":false,"footnotes":""},"class_list":["post-1048","page","type-page","status-publish","has-post-thumbnail","hentry"],"acf":[],"_links":{"self":[{"href":"https:\/\/www.netiquetteproject.eu\/cs\/wp-json\/wp\/v2\/pages\/1048","targetHints":{"allow":["GET"]}}],"collection":[{"href":"https:\/\/www.netiquetteproject.eu\/cs\/wp-json\/wp\/v2\/pages"}],"about":[{"href":"https:\/\/www.netiquetteproject.eu\/cs\/wp-json\/wp\/v2\/types\/page"}],"author":[{"embeddable":true,"href":"https:\/\/www.netiquetteproject.eu\/cs\/wp-json\/wp\/v2\/users\/1"}],"replies":[{"embeddable":true,"href":"https:\/\/www.netiquetteproject.eu\/cs\/wp-json\/wp\/v2\/comments?post=1048"}],"version-history":[{"count":2,"href":"https:\/\/www.netiquetteproject.eu\/cs\/wp-json\/wp\/v2\/pages\/1048\/revisions"}],"predecessor-version":[{"id":1145,"href":"https:\/\/www.netiquetteproject.eu\/cs\/wp-json\/wp\/v2\/pages\/1048\/revisions\/1145"}],"wp:featuredmedia":[{"embeddable":true,"href":"https:\/\/www.netiquetteproject.eu\/cs\/wp-json\/wp\/v2\/media\/839"}],"wp:attachment":[{"href":"https:\/\/www.netiquetteproject.eu\/cs\/wp-json\/wp\/v2\/media?parent=1048"}],"curies":[{"name":"wp","href":"https:\/\/api.w.org\/{rel}","templated":true}]}}