{"id":1029,"date":"2022-02-24T14:11:37","date_gmt":"2022-02-24T14:11:37","guid":{"rendered":"https:\/\/netiquetteproject.eu\/home\/"},"modified":"2022-10-18T13:05:26","modified_gmt":"2022-10-18T13:05:26","slug":"home","status":"publish","type":"page","link":"https:\/\/www.netiquetteproject.eu\/fr\/","title":{"rendered":"Home"},"content":{"rendered":"<h1>Principes fondamentaux pour favoriser la n\u00e9tiquette \u00e0 l&rsquo;\u00e8re num\u00e9rique<\/h1>\n<p><img decoding=\"async\" src=\"\/wp-content\/uploads\/2022\/06\/home-intro-10.png\" alt=\"\"><\/p>\n<h1>Qu&rsquo;est-ce que Netiquette+ ?<\/h1>\n<div>\n<p>Favoriser la prise de conscience, les connaissances et les comp\u00e9tences des adultes peu qualifi\u00e9s et des apprenants adultes pour qu&rsquo;ils prennent part \u00e0 la soci\u00e9t\u00e9 num\u00e9rique de mani\u00e8re critique, consciente et responsable.<\/p>\n<\/div>\n<p>\n    <a href=\"\/fr\/about\/\">Lire plus<\/a>\n<\/p>\n<p><img decoding=\"async\" src=\"\/wp-content\/uploads\/2022\/06\/home-about-12.png\" alt=\"\"><\/p>\n<h1>R\u00e9sultats<\/h1>\n<ul>\n<li>\n<p>        <img decoding=\"async\" src=\"\/wp-content\/uploads\/2022\/06\/framework.png\" alt=\"\"><\/p>\n<h3>Cadre des comp\u00e9tences<\/h3>\n<p><a href=\"\/fr\/results\/\"><\/a><\/p>\n<\/li>\n<li>\n<p>        <img decoding=\"async\" src=\"\/wp-content\/uploads\/2022\/06\/mooc.png\" alt=\"\"><\/p>\n<h3>MOOC et manuel didactique<\/h3>\n<p><a href=\"\/fr\/results\/\"><\/a><\/p>\n<\/li>\n<li>\n<p>        <img decoding=\"async\" src=\"\/wp-content\/uploads\/2022\/06\/learninghub.png\" alt=\"\"><\/p>\n<h3>Hub d&rsquo;apprentissage et ressources num\u00e9riques<\/h3>\n<p><a href=\"\/fr\/results\/\"><\/a><\/p>\n<\/li>\n<\/ul>\n<h1>Actualit\u00e9s<\/h1>\n<div>\n<\/div>\n<p>\n    <a href=\"\">Toutes les actualit\u00e9s<\/a>\n<\/p>\n<p><!--more--><br \/>\n<!-- {\"type\":\"layout\",\"children\":[{\"type\":\"section\",\"props\":{\"style\":\"default\",\"width\":\"default\",\"vertical_align\":\"middle\",\"title_position\":\"top-left\",\"title_rotation\":\"left\",\"title_breakpoint\":\"xl\",\"image_position\":\"center-center\",\"image\":\"wp-content\\\/uploads\\\/2022\\\/06\\\/banner-bcg-11.png\",\"overlap\":true,\"padding_remove_horizontal\":false},\"children\":[{\"type\":\"row\",\"props\":{\"layout\":\"1-3,2-3\"},\"children\":[{\"type\":\"column\",\"props\":{\"position_sticky_breakpoint\":\"m\",\"image_position\":\"center-center\",\"media_overlay_gradient\":\"\",\"width_medium\":\"1-3\",\"width_small\":\"1-3\"},\"children\":[{\"type\":\"headline\",\"props\":{\"title_element\":\"h1\",\"title_color\":\"secondary\",\"content\":\"Principes fondamentaux pour favoriser la n\\u00e9tiquette \\u00e0 l'\\u00e8re num\\u00e9rique\",\"title_style\":\"h1\",\"css\":\".el-element{\\n    font-weight: bold;\\n}\",\"maxwidth\":\"large\"}}]},{\"type\":\"column\",\"props\":{\"position_sticky_breakpoint\":\"m\",\"image_position\":\"center-center\",\"media_overlay_gradient\":\"\",\"width_medium\":\"2-3\",\"width_small\":\"1-3\"},\"children\":[{\"type\":\"image\",\"props\":{\"margin\":\"default\",\"image_svg_color\":\"emphasis\",\"image\":\"wp-content\\\/uploads\\\/2022\\\/06\\\/home-intro-10.png\",\"text_align\":\"center\",\"position\":\"relative\",\"position_bottom\":\"-30\",\"class\":\"home-intro-img\"}}]}]}]},{\"type\":\"section\",\"props\":{\"style\":\"default\",\"width\":\"default\",\"vertical_align\":\"middle\",\"title_position\":\"top-left\",\"title_rotation\":\"left\",\"title_breakpoint\":\"xl\",\"image_position\":\"center-center\",\"padding\":\"small\"},\"children\":[{\"type\":\"row\",\"props\":{\"layout\":\"1-3,2-3\"},\"children\":[{\"type\":\"column\",\"props\":{\"position_sticky_breakpoint\":\"m\",\"image_position\":\"center-center\",\"media_overlay_gradient\":\"\",\"width_medium\":\"1-3\",\"width_small\":\"2-3\"},\"children\":[{\"type\":\"headline\",\"props\":{\"title_element\":\"h1\",\"content\":\"Qu'est-ce que Netiquette+ ?\",\"title_style\":\"h2\",\"title_color\":\"warning\",\"css\":\".el-element{\\n    font-weight: bold;\\n}\"}},{\"type\":\"text\",\"props\":{\"margin\":\"default\",\"column_breakpoint\":\"m\",\"content\":\"\n\n<p>Favoriser la prise de conscience, les connaissances et les comp\\u00e9tences des adultes peu qualifi\\u00e9s et des apprenants adultes pour qu'ils prennent part \\u00e0 la soci\\u00e9t\\u00e9 num\\u00e9rique de mani\\u00e8re critique, consciente et responsable.<\\\/p>\"}},{\"type\":\"button\",\"props\":{\"grid_column_gap\":\"small\",\"grid_row_gap\":\"small\",\"margin\":\"default\"},\"children\":[{\"type\":\"button_item\",\"props\":{\"button_style\":\"primary\",\"icon_align\":\"left\",\"content\":\"Lire plus\",\"link\":\"fr\\\/about\\\/\"}}]}]},{\"type\":\"column\",\"props\":{\"position_sticky_breakpoint\":\"m\",\"image_position\":\"center-center\",\"media_overlay_gradient\":\"\",\"width_medium\":\"2-3\",\"width_small\":\"2-3\"},\"children\":[{\"type\":\"image\",\"props\":{\"margin\":\"default\",\"image_svg_color\":\"emphasis\",\"image\":\"wp-content\\\/uploads\\\/2022\\\/06\\\/home-about-12.png\",\"position\":\"relative\",\"position_right\":\"-90\"}}]}]}]},{\"type\":\"section\",\"props\":{\"style\":\"default\",\"width\":\"default\",\"vertical_align\":\"middle\",\"title_position\":\"top-left\",\"title_rotation\":\"left\",\"title_breakpoint\":\"xl\",\"image_position\":\"center-center\",\"css\":\".el-section{\\n    background-color: rgba(105, 190, 96, .1);\\n}\"},\"children\":[{\"type\":\"row\",\"children\":[{\"type\":\"column\",\"props\":{\"position_sticky_breakpoint\":\"m\",\"image_position\":\"center-center\",\"media_overlay_gradient\":\"\"},\"children\":[{\"type\":\"headline\",\"props\":{\"title_element\":\"h1\",\"content\":\"R\\u00e9sultats\",\"text_align\":\"center\",\"title_style\":\"h2\",\"title_color\":\"warning\",\"css\":\".el-element{\\n    font-weight: bold;\\n}\"}},{\"type\":\"grid\",\"props\":{\"show_title\":true,\"show_meta\":true,\"show_content\":true,\"show_image\":true,\"show_link\":true,\"grid_default\":\"1\",\"grid_medium\":\"3\",\"filter_style\":\"tab\",\"filter_all\":true,\"filter_position\":\"top\",\"filter_align\":\"left\",\"filter_grid_width\":\"auto\",\"filter_grid_breakpoint\":\"m\",\"title_hover_style\":\"reset\",\"title_element\":\"h3\",\"title_align\":\"top\",\"title_grid_width\":\"1-2\",\"title_grid_breakpoint\":\"m\",\"meta_style\":\"meta\",\"meta_align\":\"below-title\",\"meta_element\":\"div\",\"content_column_breakpoint\":\"m\",\"icon_width\":80,\"image_align\":\"top\",\"image_grid_width\":\"1-2\",\"image_grid_breakpoint\":\"m\",\"image_svg_color\":\"emphasis\",\"link_text\":\"\",\"link_style\":\"default\",\"margin\":\"default\",\"item_animation\":true,\"grid_column_gap\":\"medium\",\"panel_link\":true,\"text_align\":\"center\",\"css\":\".el-item{\\n     border: 1px solid #5666ab;\\n    border-left-width: 4px;\\n    border-bottom-width: 4px;\\n    box-shadow: -5px 5px 5px 0px rgba(0, 0, 0, .35);\\n}\\n.el-title{\\n    font-weight: bold;\\n    font-size: 25px;\\n}\\n\",\"panel_padding\":\"small\",\"image_transition\":\"scale-up\",\"grid_small\":\"3\",\"class\":\"home-results\"},\"children\":[{\"type\":\"grid_item\",\"props\":{\"title\":\"Cadre des comp\\u00e9tences\",\"image\":\"wp-content\\\/uploads\\\/2022\\\/06\\\/framework.png\",\"panel_style\":\"card-default\",\"link\":\"fr\\\/results\\\/\"}},{\"type\":\"grid_item\",\"props\":{\"title\":\"MOOC et manuel didactique\",\"image\":\"wp-content\\\/uploads\\\/2022\\\/06\\\/mooc.png\",\"panel_style\":\"card-default\",\"link\":\"fr\\\/results\\\/\"}},{\"type\":\"grid_item\",\"props\":{\"title\":\"Hub d'apprentissage et ressources num\\u00e9riques\",\"image\":\"wp-content\\\/uploads\\\/2022\\\/06\\\/learninghub.png\",\"panel_style\":\"card-default\",\"link\":\"fr\\\/results\\\/\"}}]}]}]}]},{\"type\":\"section\",\"props\":{\"style\":\"default\",\"width\":\"default\",\"vertical_align\":\"middle\",\"title_position\":\"top-left\",\"title_rotation\":\"left\",\"title_breakpoint\":\"xl\",\"image_position\":\"center-left\",\"css\":\".el-section{\\n    background-color: rgba(107, 190, 211, .4);\\n}\\n\",\"image\":\"wp-content\\\/uploads\\\/2022\\\/06\\\/crosses-17.png\"},\"children\":[{\"type\":\"row\",\"children\":[{\"type\":\"column\",\"props\":{\"position_sticky_breakpoint\":\"m\",\"image_position\":\"center-center\",\"media_overlay_gradient\":\"\"},\"children\":[{\"type\":\"headline\",\"props\":{\"title_element\":\"h1\",\"content\":\"Actualit\\u00e9s\",\"text_align\":\"center\",\"css\":\".el-element{\\n    font-weight: bold;\\n}\",\"title_style\":\"h2\",\"title_color\":\"warning\"}},{\"type\":\"grid\",\"props\":{\"show_title\":true,\"show_meta\":true,\"show_content\":true,\"show_image\":true,\"show_link\":true,\"grid_default\":\"1\",\"grid_medium\":\"3\",\"filter_style\":\"tab\",\"filter_all\":true,\"filter_position\":\"top\",\"filter_align\":\"left\",\"filter_grid_width\":\"auto\",\"filter_grid_breakpoint\":\"m\",\"title_hover_style\":\"reset\",\"title_element\":\"h3\",\"title_align\":\"top\",\"title_grid_width\":\"1-2\",\"title_grid_breakpoint\":\"m\",\"meta_style\":\"meta\",\"meta_align\":\"below-title\",\"meta_element\":\"div\",\"content_column_breakpoint\":\"m\",\"icon_width\":80,\"image_align\":\"top\",\"image_grid_width\":\"1-2\",\"image_grid_breakpoint\":\"m\",\"image_svg_color\":\"emphasis\",\"link_text\":\"\",\"link_style\":\"default\",\"margin\":\"default\",\"item_animation\":true,\"grid_column_gap\":\"medium\",\"panel_style\":\"card-default\",\"panel_link\":true,\"image_transition\":\"scale-up\",\"panel_padding\":\"small\",\"title_style\":\"h3\",\"title_color\":\"warning\",\"css\":\".el-item{\\n     border: 1px solid #5666ab;\\n    border-left-width: 4px;\\n    border-bottom-width: 4px;\\n    box-shadow: -5px 5px 5px 0px rgba(0, 0, 0, .35);\\n}\",\"grid_small\":\"3\",\"class\":\"home-news\"},\"children\":[{\"type\":\"grid_item\",\"source\":{\"query\":{\"name\":\"posts.customPosts\",\"arguments\":{\"terms\":[37],\"category_operator\":\"IN\",\"post_tag_operator\":\"IN\",\"users\":[],\"users_operator\":\"IN\",\"offset\":0,\"limit\":3,\"order\":\"date\",\"order_direction\":\"DESC\"}},\"props\":{\"title\":{\"filters\":{\"search\":\"\"},\"name\":\"title\"},\"content\":{\"filters\":{\"search\":\"\"},\"name\":\"excerpt\"},\"image\":{\"filters\":{\"search\":\"\"},\"name\":\"featuredImage.url\"},\"image_alt\":{\"filters\":{\"search\":\"\"},\"name\":\"title\"},\"link\":{\"filters\":{\"search\":\"\"},\"name\":\"link\"}}}}]},{\"type\":\"button\",\"props\":{\"grid_column_gap\":\"small\",\"grid_row_gap\":\"small\",\"margin\":\"medium\",\"text_align\":\"center\"},\"children\":[{\"type\":\"button_item\",\"props\":{\"button_style\":\"primary\",\"icon_align\":\"left\",\"content\":\"Toutes les actualit\\u00e9s\"},\"source\":{\"query\":{\"name\":\"categories.customCategory\",\"arguments\":{\"id\":37}},\"props\":{\"link\":{\"filters\":{\"search\":\"\"},\"name\":\"link\"}}}}]}]}]}]}],\"version\":\"2.7.22\"} --><\/p>\n","protected":false},"excerpt":{"rendered":"<p>Principes fondamentaux pour favoriser la n\u00e9tiquette \u00e0 l&rsquo;\u00e8re num\u00e9rique Qu&rsquo;est-ce que Netiquette+ ? Favoriser la prise de conscience, les connaissances et les comp\u00e9tences des adultes..<\/p>\n","protected":false},"author":1,"featured_media":0,"parent":0,"menu_order":0,"comment_status":"closed","ping_status":"closed","template":"","meta":{"_acf_changed":false,"inline_featured_image":false,"footnotes":""},"class_list":["post-1029","page","type-page","status-publish","hentry"],"acf":[],"_links":{"self":[{"href":"https:\/\/www.netiquetteproject.eu\/fr\/wp-json\/wp\/v2\/pages\/1029","targetHints":{"allow":["GET"]}}],"collection":[{"href":"https:\/\/www.netiquetteproject.eu\/fr\/wp-json\/wp\/v2\/pages"}],"about":[{"href":"https:\/\/www.netiquetteproject.eu\/fr\/wp-json\/wp\/v2\/types\/page"}],"author":[{"embeddable":true,"href":"https:\/\/www.netiquetteproject.eu\/fr\/wp-json\/wp\/v2\/users\/1"}],"replies":[{"embeddable":true,"href":"https:\/\/www.netiquetteproject.eu\/fr\/wp-json\/wp\/v2\/comments?post=1029"}],"version-history":[{"count":5,"href":"https:\/\/www.netiquetteproject.eu\/fr\/wp-json\/wp\/v2\/pages\/1029\/revisions"}],"predecessor-version":[{"id":1153,"href":"https:\/\/www.netiquetteproject.eu\/fr\/wp-json\/wp\/v2\/pages\/1029\/revisions\/1153"}],"wp:attachment":[{"href":"https:\/\/www.netiquetteproject.eu\/fr\/wp-json\/wp\/v2\/media?parent=1029"}],"curies":[{"name":"wp","href":"https:\/\/api.w.org\/{rel}","templated":true}]}}