{"id":1035,"date":"2022-03-21T06:09:31","date_gmt":"2022-03-21T06:09:31","guid":{"rendered":"https:\/\/netiquetteproject.eu\/learning-hub\/"},"modified":"2022-10-18T13:06:00","modified_gmt":"2022-10-18T13:06:00","slug":"learning-hub","status":"publish","type":"page","link":"https:\/\/www.netiquetteproject.eu\/fr\/learning-hub\/","title":{"rendered":"Centre d&rsquo;apprentissage"},"content":{"rendered":"<div>\n<p><span>L&rsquo;objectif du R\u00e9sultat 3 est de d\u00e9velopper un centre d&rsquo;apprentissage en ligne sur mesure, multilingue et interactif, afin de fournir un acc\u00e8s gratuit et convivial \u00e0 l&rsquo;ensemble des mat\u00e9riaux du projet, \u00e0 savoir\u00a0 :<\/span><\/p>\n<ol>\n<li aria-level=\"1\"><span>lle cadre de comp\u00e9tences Netiquette+, et<\/span><\/li>\n<li aria-level=\"1\"><span>le MOOC et le manuel didactique Netiquette+.<\/span><\/li>\n<\/ol>\n<\/div>\n<p>\n    <a href=\"#\">Centre d\u2019apprentissage<\/a>\n<\/p>\n<p><img decoding=\"async\" src=\"\/wp-content\/uploads\/2022\/06\/crosses-blue-12.png\" alt=\"\"><\/p>\n<p><!--more--><br \/>\n<!-- {\"type\":\"layout\",\"children\":[{\"type\":\"section\",\"props\":{\"style\":\"default\",\"width\":\"default\",\"vertical_align\":\"middle\",\"title_position\":\"top-left\",\"title_rotation\":\"left\",\"title_breakpoint\":\"xl\",\"image_position\":\"center-center\",\"image\":\"wp-content\\\/uploads\\\/2022\\\/06\\\/banner-bcg-11.png\",\"overlap\":true,\"padding_remove_horizontal\":false,\"padding\":\"none\"},\"children\":[{\"type\":\"row\",\"props\":{\"layout\":\"1-3,2-3\",\"margin_remove_top\":true},\"children\":[{\"type\":\"column\",\"props\":{\"position_sticky_breakpoint\":\"m\",\"image_position\":\"center-center\",\"media_overlay_gradient\":\"\",\"width_medium\":\"1-3\"},\"children\":[{\"type\":\"headline\",\"props\":{\"title_element\":\"h1\",\"title_color\":\"secondary\",\"title_style\":\"h1\",\"css\":\".el-element{\\n    font-weight: bold;\\n}\"},\"source\":{\"query\":{\"name\":\"pages.singlePage\"},\"props\":{\"content\":{\"filters\":{\"search\":\"\"},\"name\":\"title\"}}}}]},{\"type\":\"column\",\"props\":{\"position_sticky_breakpoint\":\"m\",\"image_position\":\"center-center\",\"media_overlay_gradient\":\"\",\"width_medium\":\"2-3\"},\"children\":[{\"type\":\"image\",\"props\":{\"margin\":\"default\",\"image_svg_color\":\"emphasis\",\"text_align\":\"center\",\"position\":\"relative\",\"class\":\"inner-page-img\"},\"source\":{\"query\":{\"name\":\"pages.singlePage\"},\"props\":{\"image\":{\"filters\":{\"search\":\"\"},\"name\":\"featuredImage.url\"},\"image_alt\":{\"filters\":{\"search\":\"\"},\"name\":\"title\"}}}}]}]}],\"name\":\"Intro section \"},{\"type\":\"section\",\"props\":{\"style\":\"default\",\"width\":\"default\",\"vertical_align\":\"middle\",\"title_position\":\"top-left\",\"title_rotation\":\"left\",\"title_breakpoint\":\"xl\",\"image_position\":\"center-center\"},\"children\":[{\"type\":\"row\",\"props\":{\"layout\":\"1-2,1-2\"},\"children\":[{\"type\":\"column\",\"props\":{\"position_sticky_breakpoint\":\"m\",\"image_position\":\"center-center\",\"media_overlay_gradient\":\"\",\"width_medium\":\"1-2\"},\"children\":[{\"type\":\"text\",\"props\":{\"margin\":\"large\",\"column_breakpoint\":\"m\",\"content\":\"\n\n<p><span>L'objectif du R\\u00e9sultat 3 est de d\\u00e9velopper un centre d'apprentissage en ligne sur mesure, multilingue et interactif, afin de fournir un acc\\u00e8s gratuit et convivial \\u00e0 l'ensemble des mat\\u00e9riaux du projet, \\u00e0 savoir\\u00a0 :<\\\/span><\\\/p>\\n\n\n<ol>\\n\n\n<li aria-level=\\\"1\\\"><span>lle cadre de comp\\u00e9tences Netiquette+, et<\\\/span><\\\/li>\\n\n\n<li aria-level=\\\"1\\\"><span>le MOOC et le manuel didactique Netiquette+.<\\\/span><\\\/li>\\n<\\\/ol>\"}},{\"type\":\"button\",\"props\":{\"grid_column_gap\":\"small\",\"grid_row_gap\":\"small\",\"margin\":\"default\"},\"children\":[{\"type\":\"button_item\",\"props\":{\"button_style\":\"primary\",\"icon_align\":\"left\",\"content\":\"Centre d\\u2019apprentissage\",\"link\":\"#\"}}]}]},{\"type\":\"column\",\"props\":{\"position_sticky_breakpoint\":\"m\",\"image_position\":\"center-center\",\"media_overlay_gradient\":\"\",\"width_medium\":\"1-2\"},\"children\":[{\"type\":\"image\",\"props\":{\"margin\":\"default\",\"image_svg_color\":\"emphasis\",\"image\":\"wp-content\\\/uploads\\\/2022\\\/06\\\/crosses-blue-12.png\",\"position\":\"relative\",\"position_right\":\"-50\"}}]}]}]}],\"version\":\"2.7.22\"} --><\/p>\n","protected":false},"excerpt":{"rendered":"<p>L&rsquo;objectif du R\u00e9sultat 3 est de d\u00e9velopper un centre d&rsquo;apprentissage en ligne sur mesure, multilingue et interactif, afin de fournir un acc\u00e8s gratuit et convivial..<\/p>\n","protected":false},"author":1,"featured_media":888,"parent":0,"menu_order":0,"comment_status":"closed","ping_status":"closed","template":"","meta":{"_acf_changed":false,"inline_featured_image":false,"footnotes":""},"class_list":["post-1035","page","type-page","status-publish","has-post-thumbnail","hentry"],"acf":[],"_links":{"self":[{"href":"https:\/\/www.netiquetteproject.eu\/fr\/wp-json\/wp\/v2\/pages\/1035","targetHints":{"allow":["GET"]}}],"collection":[{"href":"https:\/\/www.netiquetteproject.eu\/fr\/wp-json\/wp\/v2\/pages"}],"about":[{"href":"https:\/\/www.netiquetteproject.eu\/fr\/wp-json\/wp\/v2\/types\/page"}],"author":[{"embeddable":true,"href":"https:\/\/www.netiquetteproject.eu\/fr\/wp-json\/wp\/v2\/users\/1"}],"replies":[{"embeddable":true,"href":"https:\/\/www.netiquetteproject.eu\/fr\/wp-json\/wp\/v2\/comments?post=1035"}],"version-history":[{"count":3,"href":"https:\/\/www.netiquetteproject.eu\/fr\/wp-json\/wp\/v2\/pages\/1035\/revisions"}],"predecessor-version":[{"id":1154,"href":"https:\/\/www.netiquetteproject.eu\/fr\/wp-json\/wp\/v2\/pages\/1035\/revisions\/1154"}],"wp:featuredmedia":[{"embeddable":true,"href":"https:\/\/www.netiquetteproject.eu\/fr\/wp-json\/wp\/v2\/media\/888"}],"wp:attachment":[{"href":"https:\/\/www.netiquetteproject.eu\/fr\/wp-json\/wp\/v2\/media?parent=1035"}],"curies":[{"name":"wp","href":"https:\/\/api.w.org\/{rel}","templated":true}]}}