{"id":1052,"date":"2022-02-24T14:11:37","date_gmt":"2022-02-24T14:11:37","guid":{"rendered":"https:\/\/netiquetteproject.eu\/results\/"},"modified":"2022-10-17T10:51:46","modified_gmt":"2022-10-17T10:51:46","slug":"results","status":"publish","type":"page","link":"https:\/\/www.netiquetteproject.eu\/pt-pt\/results\/","title":{"rendered":"Resultados"},"content":{"rendered":"<ul>\n<li>\n<p>        <img decoding=\"async\" src=\"\/wp-content\/uploads\/2022\/06\/inner-framework-23.png\" alt=\"Competence  Framework\"><\/p>\n<h3>Quadro de compet\u00eancias<\/h3>\n<div>\n<p><span>O Netiquette+ Quadro de compet\u00eancias <\/span><span>definir\u00e1 os conhecimentos, compet\u00eancias e atitudes mais relevantes para os grupo-alvo dos pa\u00edses participantes. Ser\u00e1 estruturado em torno de quatro \u00e1reas-chave, em conformidade com a DigComp 2.1, identificadas durante a fase preparat\u00f3ria do projeto:<\/span><\/p>\n<ul>\n<li aria-level=\"1\"><span>\u00e9tica <\/span><i><span>online<\/span><\/i><span> e netiqueta;<\/span><\/li>\n<li aria-level=\"1\"><span>modos de comunica\u00e7\u00e3o e estrat\u00e9gia;<\/span><\/li>\n<li aria-level=\"1\"><span>diversidade geracional;<\/span><\/li>\n<li aria-level=\"1\"><span>diversidade cultural.<\/span><\/li>\n<\/ul>\n<p><span>Para definir o quadro de compet\u00eancias, ser\u00e1 realizada uma an\u00e1lise alargada das necessidades atrav\u00e9s de uma consulta p\u00fablica com os grupos de peritos locais. O quadro de compet\u00eancias Netiquette+ ser\u00e1 primordial para definir os conte\u00fados que ir\u00e3o figurar nos restantes conte\u00fados produzidos no \u00e2mbito do projeto. Proporcionar\u00e1 igualmente ao setor da Forma\u00e7\u00e3o de Adultos um instrumento de \u00faltima gera\u00e7\u00e3o para ajudar os formadores a identificar as necessidades de aprendizagem dos formandos, conceber atividades did\u00e1ticas e estrat\u00e9gias pedag\u00f3gicas, bem como avaliar as compet\u00eancias de netiqueta dos mesmos.<\/span><\/p>\n<p><span>Disponibilizar\u00e1 outros elementos de inova\u00e7\u00e3o, nomeadamente a utiliza\u00e7\u00e3o de ferramentas e de metodologias QEQ e ECVET para definir e descrever as compet\u00eancias necess\u00e1rias para impulsionar o netiqueta na era digital e capacitar formadores com um quadro formal, mas din\u00e2mico de compet\u00eancias nesta \u00e1rea.<\/span><\/p>\n<\/div>\n<\/li>\n<li>\n<p>        <img decoding=\"async\" src=\"\/wp-content\/uploads\/2022\/06\/inner-mooc.png\" alt=\"MOOC and  Didactic Handbook\"><\/p>\n<h3>Plataforma MOOC e Manual did\u00e1tico<\/h3>\n<div>\n<p><span>A Netiquette+ Plataforma MOOC e Manual did\u00e1tico possibilitam um percurso de aprendizagem flex\u00edvel para os formandos, apoiando igualmente os formadores durante todo o processo de envolvimento de forma \u00e9tica, construtiva e critica na esfera digital. O MOOC ser\u00e1 projetado para oferecer um pacote de conte\u00fados interativos e alcan\u00e7ar os resultados de aprendizagem estruturados no quadro de compet\u00eancias, de modo que os formandos possam adquirir conhecimentos, compet\u00eancias e atitudes espec\u00edficas relacionadas com cada \u00e1rea ou unidade tem\u00e1tica.<\/span><\/p>\n<p><span>Podem incluir narrativas\/v\u00eddeos com quest\u00f5es de <\/span><i><span>briefing<\/span><\/i><span>, discuss\u00f5es estruturadas, atividades orientadas, conte\u00fados integrados (tais como atividades ou demonstra\u00e7\u00f5es, estudos de caso orientados para problemas e listas de verifica\u00e7\u00e3o de autoaprendizagem).<\/span><\/p>\n<p><span>Para apoiar os formadores no processo de transfer\u00eancia de conhecimentos e de compet\u00eancias relevantes, assim como orientar e aconselhar os formandos a adotarem padr\u00f5es de conduta adequados na esfera digital, o Manual did\u00e1tico ser\u00e1 desenvolvido e estruturado em duas partes principais:<\/span><\/p>\n<ul>\n<li aria-level=\"1\"><span>dicas sobre andragogia e educa\u00e7\u00e3o digital;<\/span><\/li>\n<li aria-level=\"1\"><span>planos pr\u00e1ticos de aulas por unidade MOOC.<\/span><\/li>\n<\/ul>\n<\/div>\n<\/li>\n<li>\n<p>        <img decoding=\"async\" src=\"\/wp-content\/uploads\/2022\/06\/inner-learninghub.png\" alt=\"Learning hub and  Digital Resources\"><\/p>\n<h3>Centro de aprendizagem e recursos digitais<\/h3>\n<div>\n<p><span>Visa o desenvolvimento de um centro de aprendizagem <\/span><i><span>online<\/span><\/i><span> personalizado, multil\u00edngue e interativo para proporcionar acesso gratuito e de f\u00e1cil utiliza\u00e7\u00e3o aos materiais do projeto, ou seja, o Netiquette+ Quadro de compet\u00eancias e o Netiquette+ Plataforma MOOC e Manual did\u00e1tico. Para avaliar, apoiar e melhorar o processo de aprendizagem dos formandos, ter\u00e1 v\u00e1rios <\/span><i><span>quizzes <\/span><\/i><span>interativos e infogr\u00e1ficos.<\/span><\/p>\n<p><span>Apresenta elevado potencial para servir e beneficiar outros p\u00fablicos, permitindo-lhes identificar, integrar e partilhar conhecimentos e boas pr\u00e1ticas em termos de netiqueta.<\/span><\/p>\n<p><span>Por conseguinte, gerar\u00e1 um efeito positivo, fomentando uma aprendizagem eficaz e ser\u00e1 altamente transfer\u00edvel.<\/span><\/p>\n<\/div>\n<\/li>\n<\/ul>\n<p><!--more--><br \/>\n<!-- {\"type\":\"layout\",\"children\":[{\"type\":\"section\",\"props\":{\"style\":\"default\",\"width\":\"default\",\"vertical_align\":\"middle\",\"title_position\":\"top-left\",\"title_rotation\":\"left\",\"title_breakpoint\":\"xl\",\"image_position\":\"center-center\",\"image\":\"wp-content\\\/uploads\\\/2022\\\/06\\\/banner-bcg-11.png\",\"overlap\":true,\"padding_remove_horizontal\":false,\"padding_remove_top\":true},\"children\":[{\"type\":\"row\",\"props\":{\"layout\":\"1-3,2-3\"},\"children\":[{\"type\":\"column\",\"props\":{\"position_sticky_breakpoint\":\"m\",\"image_position\":\"center-center\",\"media_overlay_gradient\":\"\",\"width_medium\":\"1-3\"},\"children\":[{\"type\":\"headline\",\"props\":{\"title_element\":\"h1\",\"title_color\":\"secondary\",\"title_style\":\"h1\",\"css\":\".el-element{\\n    font-weight: bold;\\n}\"},\"source\":{\"query\":{\"name\":\"pages.singlePage\"},\"props\":{\"content\":{\"filters\":{\"search\":\"\"},\"name\":\"title\"}}}}]},{\"type\":\"column\",\"props\":{\"position_sticky_breakpoint\":\"m\",\"image_position\":\"center-center\",\"media_overlay_gradient\":\"\",\"width_medium\":\"2-3\"},\"children\":[{\"type\":\"image\",\"props\":{\"margin\":\"default\",\"image_svg_color\":\"emphasis\",\"text_align\":\"center\",\"position\":\"relative\",\"position_bottom\":\"-55\",\"class\":\"inner-page-img\"},\"source\":{\"query\":{\"name\":\"pages.singlePage\"},\"props\":{\"image\":{\"filters\":{\"search\":\"\"},\"name\":\"featuredImage.url\"},\"image_alt\":{\"filters\":{\"search\":\"\"},\"name\":\"title\"}}}}]}]}],\"name\":\"Intro section \"},{\"type\":\"section\",\"props\":{\"style\":\"default\",\"width\":\"default\",\"vertical_align\":\"middle\",\"title_position\":\"top-left\",\"title_rotation\":\"left\",\"title_breakpoint\":\"xl\",\"image_position\":\"center-center\",\"css\":\".el-section{\\n    background-color: rgba(105, 190, 96, .1);\\n    margin-top:60px;\\n}\",\"padding_remove_top\":true},\"children\":[{\"type\":\"row\",\"children\":[{\"type\":\"column\",\"props\":{\"position_sticky_breakpoint\":\"m\",\"image_position\":\"center-center\",\"media_overlay_gradient\":\"\"},\"children\":[{\"type\":\"switcher\",\"props\":{\"show_title\":false,\"show_meta\":true,\"show_content\":true,\"show_image\":true,\"show_link\":true,\"show_label\":true,\"show_thumbnail\":true,\"switcher_animation\":\"slide-right-small\",\"switcher_height\":true,\"nav\":\"tab\",\"nav_position\":\"top\",\"nav_align\":\"left\",\"nav_grid_width\":\"auto\",\"nav_grid_breakpoint\":\"m\",\"thumbnav_svg_color\":\"emphasis\",\"title_element\":\"h3\",\"title_align\":\"top\",\"title_grid_width\":\"1-2\",\"title_grid_breakpoint\":\"m\",\"meta_style\":\"meta\",\"meta_align\":\"below-title\",\"meta_element\":\"div\",\"content_column_breakpoint\":\"m\",\"image_svg_color\":\"emphasis\",\"image_align\":\"left\",\"image_grid_width\":\"1-4\",\"image_grid_breakpoint\":\"m\",\"thumbnav_width\":\"100\",\"thumbnav_height\":\"75\",\"link_text\":\"Read more\",\"link_style\":\"default\",\"margin\":\"default\",\"nav_margin\":\"small\",\"image_vertical_align\":true,\"image_width\":\"250\",\"css\":\".el-element{\\n    position: relative;\\n}\\n.el-nav{\\n    position: absolute;\\n    top: -40px;\\n    right: 0\\n}\\n.el-content, .el-image{\\n    padding-top: 40px;\\n}\\n\",\"margin_remove_top\":true,\"content_margin\":\"remove\",\"class\":\"about-switcher-img\"},\"children\":[{\"type\":\"switcher_item\",\"props\":{\"title\":\"Quadro de compet\\u00eancias\",\"content\":\"\n\n<p><span>O Netiquette+ Quadro de compet\\u00eancias <\\\/span><span>definir\\u00e1 os conhecimentos, compet\\u00eancias e atitudes mais relevantes para os grupo-alvo dos pa\\u00edses participantes. Ser\\u00e1 estruturado em torno de quatro \\u00e1reas-chave, em conformidade com a DigComp 2.1, identificadas durante a fase preparat\\u00f3ria do projeto:<\\\/span><\\\/p>\\n\n\n<ul>\\n\n\n<li aria-level=\\\"1\\\"><span>\\u00e9tica <\\\/span><i><span>online<\\\/span><\\\/i><span> e netiqueta;<\\\/span><\\\/li>\\n\n\n<li aria-level=\\\"1\\\"><span>modos de comunica\\u00e7\\u00e3o e estrat\\u00e9gia;<\\\/span><\\\/li>\\n\n\n<li aria-level=\\\"1\\\"><span>diversidade geracional;<\\\/span><\\\/li>\\n\n\n<li aria-level=\\\"1\\\"><span>diversidade cultural.<\\\/span><\\\/li>\\n<\\\/ul>\\n\n\n<p><span>Para definir o quadro de compet\\u00eancias, ser\\u00e1 realizada uma an\\u00e1lise alargada das necessidades atrav\\u00e9s de uma consulta p\\u00fablica com os grupos de peritos locais. O quadro de compet\\u00eancias Netiquette+ ser\\u00e1 primordial para definir os conte\\u00fados que ir\\u00e3o figurar nos restantes conte\\u00fados produzidos no \\u00e2mbito do projeto. Proporcionar\\u00e1 igualmente ao setor da Forma\\u00e7\\u00e3o de Adultos um instrumento de \\u00faltima gera\\u00e7\\u00e3o para ajudar os formadores a identificar as necessidades de aprendizagem dos formandos, conceber atividades did\\u00e1ticas e estrat\\u00e9gias pedag\\u00f3gicas, bem como avaliar as compet\\u00eancias de netiqueta dos mesmos.<\\\/span><\\\/p>\\n\n\n<p><span>Disponibilizar\\u00e1 outros elementos de inova\\u00e7\\u00e3o, nomeadamente a utiliza\\u00e7\\u00e3o de ferramentas e de metodologias QEQ e ECVET para definir e descrever as compet\\u00eancias necess\\u00e1rias para impulsionar o netiqueta na era digital e capacitar formadores com um quadro formal, mas din\\u00e2mico de compet\\u00eancias nesta \\u00e1rea.<\\\/span><\\\/p>\",\"image\":\"wp-content\\\/uploads\\\/2022\\\/06\\\/inner-framework-23.png\",\"image_alt\":\"Competence  Framework\"}},{\"type\":\"switcher_item\",\"props\":{\"title\":\"Plataforma MOOC e Manual did\\u00e1tico\",\"content\":\"\n\n<p><span>A Netiquette+ Plataforma MOOC e Manual did\\u00e1tico possibilitam um percurso de aprendizagem flex\\u00edvel para os formandos, apoiando igualmente os formadores durante todo o processo de envolvimento de forma \\u00e9tica, construtiva e critica na esfera digital. O MOOC ser\\u00e1 projetado para oferecer um pacote de conte\\u00fados interativos e alcan\\u00e7ar os resultados de aprendizagem estruturados no quadro de compet\\u00eancias, de modo que os formandos possam adquirir conhecimentos, compet\\u00eancias e atitudes espec\\u00edficas relacionadas com cada \\u00e1rea ou unidade tem\\u00e1tica.<\\\/span><\\\/p>\\n\n\n<p><span>Podem incluir narrativas\\\/v\\u00eddeos com quest\\u00f5es de <\\\/span><i><span>briefing<\\\/span><\\\/i><span>, discuss\\u00f5es estruturadas, atividades orientadas, conte\\u00fados integrados (tais como atividades ou demonstra\\u00e7\\u00f5es, estudos de caso orientados para problemas e listas de verifica\\u00e7\\u00e3o de autoaprendizagem).<\\\/span><\\\/p>\\n\n\n<p><span>Para apoiar os formadores no processo de transfer\\u00eancia de conhecimentos e de compet\\u00eancias relevantes, assim como orientar e aconselhar os formandos a adotarem padr\\u00f5es de conduta adequados na esfera digital, o Manual did\\u00e1tico ser\\u00e1 desenvolvido e estruturado em duas partes principais:<\\\/span><\\\/p>\\n\n\n<ul>\\n\n\n<li aria-level=\\\"1\\\"><span>dicas sobre andragogia e educa\\u00e7\\u00e3o digital;<\\\/span><\\\/li>\\n\n\n<li aria-level=\\\"1\\\"><span>planos pr\\u00e1ticos de aulas por unidade MOOC.<\\\/span><\\\/li>\\n<\\\/ul>\",\"image\":\"wp-content\\\/uploads\\\/2022\\\/06\\\/inner-mooc.png\",\"image_alt\":\"MOOC and  Didactic Handbook\"}},{\"type\":\"switcher_item\",\"props\":{\"title\":\"Centro de aprendizagem e recursos digitais\",\"content\":\"\n\n<p><span>Visa o desenvolvimento de um centro de aprendizagem <\\\/span><i><span>online<\\\/span><\\\/i><span> personalizado, multil\\u00edngue e interativo para proporcionar acesso gratuito e de f\\u00e1cil utiliza\\u00e7\\u00e3o aos materiais do projeto, ou seja, o Netiquette+ Quadro de compet\\u00eancias e o Netiquette+ Plataforma MOOC e Manual did\\u00e1tico. Para avaliar, apoiar e melhorar o processo de aprendizagem dos formandos, ter\\u00e1 v\\u00e1rios <\\\/span><i><span>quizzes <\\\/span><\\\/i><span>interativos e infogr\\u00e1ficos.<\\\/span><\\\/p>\\n\n\n<p><span>Apresenta elevado potencial para servir e beneficiar outros p\\u00fablicos, permitindo-lhes identificar, integrar e partilhar conhecimentos e boas pr\\u00e1ticas em termos de netiqueta.<\\\/span><\\\/p>\\n\n\n<p><span>Por conseguinte, gerar\\u00e1 um efeito positivo, fomentando uma aprendizagem eficaz e ser\\u00e1 altamente transfer\\u00edvel.<\\\/span><\\\/p>\",\"image\":\"wp-content\\\/uploads\\\/2022\\\/06\\\/inner-learninghub.png\",\"image_alt\":\"Learning hub and  Digital Resources\"}}]}]}]}]}],\"version\":\"2.7.22\"} --><\/p>\n","protected":false},"excerpt":{"rendered":"<p>Quadro de compet\u00eancias O Netiquette+ Quadro de compet\u00eancias definir\u00e1 os conhecimentos, compet\u00eancias e atitudes mais relevantes para os grupo-alvo dos pa\u00edses participantes. Ser\u00e1 estruturado em..<\/p>\n","protected":false},"author":1,"featured_media":842,"parent":0,"menu_order":0,"comment_status":"closed","ping_status":"closed","template":"","meta":{"_acf_changed":false,"inline_featured_image":false,"footnotes":""},"class_list":["post-1052","page","type-page","status-publish","has-post-thumbnail","hentry"],"acf":[],"_links":{"self":[{"href":"https:\/\/www.netiquetteproject.eu\/pt-pt\/wp-json\/wp\/v2\/pages\/1052","targetHints":{"allow":["GET"]}}],"collection":[{"href":"https:\/\/www.netiquetteproject.eu\/pt-pt\/wp-json\/wp\/v2\/pages"}],"about":[{"href":"https:\/\/www.netiquetteproject.eu\/pt-pt\/wp-json\/wp\/v2\/types\/page"}],"author":[{"embeddable":true,"href":"https:\/\/www.netiquetteproject.eu\/pt-pt\/wp-json\/wp\/v2\/users\/1"}],"replies":[{"embeddable":true,"href":"https:\/\/www.netiquetteproject.eu\/pt-pt\/wp-json\/wp\/v2\/comments?post=1052"}],"version-history":[{"count":3,"href":"https:\/\/www.netiquetteproject.eu\/pt-pt\/wp-json\/wp\/v2\/pages\/1052\/revisions"}],"predecessor-version":[{"id":1109,"href":"https:\/\/www.netiquetteproject.eu\/pt-pt\/wp-json\/wp\/v2\/pages\/1052\/revisions\/1109"}],"wp:featuredmedia":[{"embeddable":true,"href":"https:\/\/www.netiquetteproject.eu\/pt-pt\/wp-json\/wp\/v2\/media\/842"}],"wp:attachment":[{"href":"https:\/\/www.netiquetteproject.eu\/pt-pt\/wp-json\/wp\/v2\/media?parent=1052"}],"curies":[{"name":"wp","href":"https:\/\/api.w.org\/{rel}","templated":true}]}}